{"id":916,"date":"2020-09-18T11:05:41","date_gmt":"2020-09-18T09:05:41","guid":{"rendered":"https:\/\/rudniciboksitajajce.com\/?page_id=916"},"modified":"2020-09-18T12:40:41","modified_gmt":"2020-09-18T10:40:41","slug":"about-us","status":"publish","type":"page","link":"https:\/\/rudniciboksitajajce.com\/en\/about-us\/","title":{"rendered":"About us"},"content":{"rendered":"<div class=\"wpb-content-wrapper\">[vc_row full_width=&#8221;stretch_row&#8221; bg_type=&#8221;image&#8221; parallax_style=&#8221;vcpb-default&#8221; bg_image_new=&#8221;id^729|url^https:\/\/rudniciboksitajajce.com\/wp-content\/uploads\/2020\/09\/Izvozni-toranj-L-5a-Poljane-1970.jpg|caption^null|alt^null|title^Izvozni-toranj-L-5a-Poljane-1970|description^null&#8221; bg_image_repeat=&#8221;no-repeat&#8221; enable_overlay=&#8221;enable_overlay_value&#8221; overlay_color=&#8221;rgba(0,0,0,0.75)&#8221; el_class=&#8221;stranica-header&#8221;][vc_column width=&#8221;1\/6&#8243;][\/vc_column][vc_column width=&#8221;2\/3&#8243;][vc_column_text el_class=&#8221;naslov-header&#8221;]\n<h1>About us<\/h1>\n[\/vc_column_text][\/vc_column][vc_column width=&#8221;1\/6&#8243;][\/vc_column][\/vc_row][vc_row full_width=&#8221;stretch_row&#8221; bg_type=&#8221;image&#8221; parallax_style=&#8221;vcpb-default&#8221; bg_image_new=&#8221;id^644|url^https:\/\/rudniciboksitajajce.com\/wp-content\/uploads\/2020\/09\/rudnici-boksita-jajce-1.jpg|caption^null|alt^null|title^rudnici boksita jajce 1|description^null&#8221; enable_overlay=&#8221;enable_overlay_value&#8221; overlay_color=&#8221;rgba(255,255,255,0.92)&#8221; el_class=&#8221;onama-sekcija&#8221;][vc_column width=&#8221;1\/2&#8243;][vc_column_text el_class=&#8221;onamatext&#8221;]\n<h2>Bauxite mines Jajce o.d.d.<\/h2>\n<p>Jajce bauxite mines were founded in 1958. Currently, exploitation is carried out at three sites:<br \/>\n1. Red Rock deposit<br \/>\n2. Poljana deposit<br \/>\n3. Bespelj deposit<br \/>\nThe company employs 230 people. The annual production is about 130,000 tons of bauxite.<br \/>\nIn addition to the long tradition of mining, the quality of bauxite from this area should be emphasized, which is one of the highest quality in Europe and the world.[\/vc_column_text][\/vc_column][vc_column width=&#8221;1\/2&#8243;][vc_single_image image=&#8221;626&#8243; img_size=&#8221;full&#8221; alignment=&#8221;center&#8221; el_class=&#8221;slika&#8221;][\/vc_column][\/vc_row][vc_row full_width=&#8221;stretch_row&#8221; el_class=&#8221;ikonesekcija&#8221;][vc_column width=&#8221;1\/4&#8243;]<div class=\"ult-just-icon-wrapper  \"><div class=\"align-icon\" style=\"text-align:center;\">\n<div class=\"aio-icon-img  uavc-circle \" style=\"font-size:70px;background:#117d4b;display:inline-block;\" >\n\t<img decoding=\"async\" class=\"img-icon\" alt=\"null\" src=\"https:\/\/rudniciboksitajajce.com\/wp-content\/uploads\/2020\/09\/establish-e1600533836300.png\"\/>\n<\/div><\/div><\/div>[vc_column_text el_class=&#8221;ikonaopis&#8221;]Established<br \/>\n<strong>1958<\/strong>[\/vc_column_text][\/vc_column][vc_column width=&#8221;1\/4&#8243;]<div class=\"ult-just-icon-wrapper  \"><div class=\"align-icon\" style=\"text-align:center;\">\n<div class=\"aio-icon-img  uavc-circle \" style=\"font-size:70px;background:#117d4b;display:inline-block;\" >\n\t<img decoding=\"async\" class=\"img-icon\" alt=\"null\" src=\"https:\/\/rudniciboksitajajce.com\/wp-content\/uploads\/2020\/09\/employee-e1600533847490.png\"\/>\n<\/div><\/div><\/div>[vc_column_text el_class=&#8221;ikonaopis&#8221;]More than<br \/>\n<strong>200 employees<\/strong>[\/vc_column_text][\/vc_column][vc_column width=&#8221;1\/4&#8243;]<div class=\"ult-just-icon-wrapper  \"><div class=\"align-icon\" style=\"text-align:center;\">\n<div class=\"aio-icon-img  uavc-circle \" style=\"font-size:70px;background:#117d4b;display:inline-block;\" >\n\t<img decoding=\"async\" class=\"img-icon\" alt=\"null\" src=\"https:\/\/rudniciboksitajajce.com\/wp-content\/uploads\/2020\/09\/tones-e1600533814680.png\"\/>\n<\/div><\/div><\/div>[vc_column_text el_class=&#8221;ikonaopis&#8221;]Annual production<br \/>\n<strong>130 000 tons<\/strong>[\/vc_column_text][\/vc_column][vc_column width=&#8221;1\/4&#8243;]<div class=\"ult-just-icon-wrapper  \"><div class=\"align-icon\" style=\"text-align:center;\">\n<div class=\"aio-icon-img  uavc-circle \" style=\"font-size:70px;background:#117d4b;display:inline-block;\" >\n\t<img decoding=\"async\" class=\"img-icon\" alt=\"null\" src=\"https:\/\/rudniciboksitajajce.com\/wp-content\/uploads\/2020\/09\/wordwide-e1600533789452.png\"\/>\n<\/div><\/div><\/div>[vc_column_text el_class=&#8221;ikonaopis&#8221;]International<br \/>\n<strong>business<\/strong>[\/vc_column_text][\/vc_column][\/vc_row][vc_row el_class=&#8221;onama-sekcija&#8221;][vc_column][vc_column_text el_class=&#8221;onama&#8221;]\n<h2>HISTORY OF THE COMPANY<\/h2>\n<h3>From the beginning until today<\/h3>\n[\/vc_column_text][vc_column_text el_class=&#8221;onamatext&#8221;]\n<h3 class=\"povijest\">Exploitation of the first amounts of bauxite<\/h3>\n<div class=\"povijesthidden\">\n<p>Company \u201eGeosond\u201c from Zagreb has on 28th of August 1958. exploited first amounts of bauxite at Be\u0161pelj locality nearby the L-13 bearing and the bauxite exploitation has continued ever since in several localities in districts Jajce, Mrkonji\u0107 Grad and Donji Vakuf, owing to Mr.Slobodan Vu\u010deti\u0107, Mining Engeneer, who believed that in the area of Be\u0161pelj and Poljane are situated large quantities of high quality bauxite. One of the largest problems of that period was lack of infrastructure, there was no electricity or road, and population as potential labour was mostly illiterate. In 1958. \u201eElektrosond\u201c  with great help of local population has built road Lu\u010dina \u2013 Be\u0161pelj in length of 25 kilometers.<\/p>\n<p>The mine has been operating as part of \u201eElektrosond\u201c from 1958. to 1966. and its first year production has been 1.800 tons of bauxite and then kept increasing each year during that period for approximately 10.000 tons a year so during that time total production of bauxite was around 270.000 tons.<\/p>\n<p>Exploitation at this period was mostly performed manually and with primitive equipment like pickaxe, shovel, hand-chisel and such.<\/p>\n<p>Non-systematical investments in geological research, labour trainig as well as in equipment the company \u201eElektrosond\u201c from Zagreb on 31.12.1965 withdraws together with that little equipment they have by that time invested in production.<\/p>\n<\/div>\n<h3 class=\"osnivanje\">Establishment of the company &#8220;Jajce Bauxite Mines&#8221;<\/h3>\n<div class=\"osnivanjehidden\">\n<p>The municipality, not wanting to abandon the workers, establishes the company named \u201eRudnici Boksita Jajce\u201c and we witness its existance until today.<\/p>\n<p>Although during that year of 1966. mine has lost its machines and equipment, thanks to the engagement of current municipal authorities a record production by then of 88.000 tons of bauxite has been achieved.<\/p>\n<p>Emancipation of the mine geological reasearch work was started and drilling machines for geological researches were bought.<\/p>\n<p>Thanks to research works which gave results another unit, Liskovica, was established and its exploitation was started in 1968. Today it does not operate within \u201eRudnici Boksita Jajce\u201c.<\/p>\n<p>As the result of systematic research in 1969. at the locality of Poljane another unit was established which still operates, however the technology of excavation has changed because during that period operations were mostly operating an downward inclined excavation while later on the technology of two undermines was used .<\/p>\n<p>During 1983. The underground pit at locality Crvene stijene was established which still operates, too.<\/p>\n<p>Establishing these units made the company Rudnici Boksita Jajce stable and respectable .<\/p>\n<p>By the end of 1960s, in 1969. to be exact, the SOUR\u2019s \u2013 COLA\u2019s (Complex organisations of Labour Association) were founded, considering it was the era of socialist economy that is the conventional economy, the Working organisation Rudnici Boksita Jajce was incorporated in \u201eSOUR ENERGO INVEST\u201c  Sarajevo.<\/p>\n<\/div>\n<h3 class=\"suradnja\">Cooperation with leading companies in the mining and geological profession<\/h3>\n<div class=\"suradnjahidden\">\n<p>Cooperation with the leading mining and geological houses, first of all the Faculty of Mining, Geology  and Petroleum Engeneering of University from Zagreb, Mining University from Belgrade, Mining University from Tuzla, and the institutes from Sarajevo, Belgrade and Tuzla, the geological and mining operations were elevated to a higher level which resulted in discovering the bearings in new localities whose quality was significantly lower but in blanding with the higher quality bauxite due to low exploitation costs they were economically effective. In addition to bauxite exploitation, non-metalic mineral raw material exploitation was developed and the Mine has researched and opened surface pit of bentonites in \u0160ipovo as well as the surface pit of Marble Majdan in the area of Mrkonji\u0107 Grad.<\/p>\n<\/div>\n<h3 class=\"zaposljavanje\">Employment of local population and construction of infrastructure<\/h3>\n<div class=\"zaposljavanjehidden\">\n<p>As one of the initiators and carriers of the area development where it operated, the Mine has in large helped the local population through the employment as well as through building of infrastructure like road communication towards Be\u0161pelj, Jasenovi Potoci and Vlasinje.<\/p>\n<p>As mentioned before, in social economy conditions the market has already been ensured, and the main buyers were alumina factories from the area of ex Yugoslavia and those are the Aluminium Combine (Union) from Mostar and Kidri\u010devo and the alumina factory from Zvornik and Obrovac during the operating period of the latter of course.<\/p>\n<p>Aside from these buyers the diaspor bauxite from Lju\u0161a was being delivered to cement factory in Pula and ironworks factory in Zenica.<\/p>\n<p>In 1973. the surface pit was opened on the mountain Srnetica, in 1976. The Ljubi\u010dina dolina pit was opened and then in 1983. the surface pit Lju\u0161a was opened too.<\/p>\n<\/div>\n<h3 class=\"investicije\">Investments in non &#8211; mining activities<\/h3>\n<div class=\"investicijehidden\">\n<p>Apart from that in regards to the fact that it was their primary, their basic activity which actually made it possible for \u201eRudnici Boksita Jajce\u201c through the investments in non-mining acitivities to build more production units that are:<br \/>\n\u2022 Agricultural production unit in Divi\u010dani.<br \/>\n\u2022 Aluminium packaging production in \u0160ipovo<br \/>\n\u2022 Mini-containers production in Bara\u0107i, Mrkonji\u0107 Grad<br \/>\n\u2022 Aluminium wheels in Divi\u010dani<br \/>\n\u2022 Aluminium metal-plastic foil production in Divi\u010dani<br \/>\n\u2022 Project documentation was made and the concession was redeemed for aluminium powder production, however the realization of this project was interrupted by war.<\/p>\n<p>During the war period the activity was considerably reduced, however, not completely stopped. In somewhat difficult conditions within traffic and other factors the total amount of 30.000 tons of bauxite was delivered mostly to Alumina Factory Bira\u010d in Zvornik.<\/p>\n<p>Privatization process which has started in 1988. and has been interrupted by war, nevertheless has been continued in 2001. and finely ended in 2003. and ever since the Company operates under the name \u201eRudnici Boksita Jajce\u201c o.d.d. <\/p>\n<p>Gaining the concession for two exploitation fields in Poljane and Crvene stijene in 2013. the exploitation of architectural sructural stone begins and in 2014. the company \u201eBX kamen\u201c d.o.o. is established.<\/p>\n<\/div>\n[\/vc_column_text][vc_raw_js]JTNDc2NyaXB0JTNFJTBBalF1ZXJ5JTI4ZG9jdW1lbnQlMjkucmVhZHklMjhmdW5jdGlvbiUyOCUyOSU3QiUwQSUyMGpRdWVyeSUyOCUyNy5wb3ZpamVzdCUyNyUyOS5jbGljayUyOGZ1bmN0aW9uJTI4JTI5JTIwJTdCJTBBJTIwJTIwJTIwJTIwalF1ZXJ5JTI4JTI3LnBvdmlqZXN0aGlkZGVuJTI3JTI5LnRvZ2dsZSUyODAlMjklM0IlMEElN0QlMjklM0IlMEElMjBqUXVlcnklMjglMjcub3NuaXZhbmplJTI3JTI5LmNsaWNrJTI4ZnVuY3Rpb24lMjglMjklMjAlN0IlMEElMjAlMjAlMjAlMjBqUXVlcnklMjglMjcub3NuaXZhbmplaGlkZGVuJTI3JTI5LnRvZ2dsZSUyODAlMjklM0IlMEElN0QlMjklM0IlMEElMjBqUXVlcnklMjglMjcuc3VyYWRuamElMjclMjkuY2xpY2slMjhmdW5jdGlvbiUyOCUyOSUyMCU3QiUwQSUyMCUyMCUyMCUyMGpRdWVyeSUyOCUyNy5zdXJhZG5qYWhpZGRlbiUyNyUyOS50b2dnbGUlMjgwJTI5JTNCJTBBJTdEJTI5JTNCJTBBJTIwalF1ZXJ5JTI4JTI3LnphcG9zbGphdmFuamUlMjclMjkuY2xpY2slMjhmdW5jdGlvbiUyOCUyOSUyMCU3QiUwQSUyMCUyMCUyMCUyMGpRdWVyeSUyOCUyNy56YXBvc2xqYXZhbmplaGlkZGVuJTI3JTI5LnRvZ2dsZSUyODAlMjklM0IlMEElN0QlMjklM0IlMEElMjBqUXVlcnklMjglMjcuaW52ZXN0aWNpamUlMjclMjkuY2xpY2slMjhmdW5jdGlvbiUyOCUyOSUyMCU3QiUwQSUyMCUyMCUyMCUyMGpRdWVyeSUyOCUyNy5pbnZlc3RpY2lqZWhpZGRlbiUyNyUyOS50b2dnbGUlMjgwJTI5JTNCJTBBJTdEJTI5JTNCJTBBJTdEJTI5JTNCJTBBJTNDJTJGc2NyaXB0JTNF[\/vc_raw_js][vc_media_grid element_width=&#8221;3&#8243; gap=&#8221;25&#8243; item=&#8221;298&#8243; grid_id=&#8221;vc_gid:1600424626787-5575f39b46c2e7f72ee6da8e9c676722-6&#8243; include=&#8221;739,738,722,681&#8243;][\/vc_column][\/vc_row]\n<\/div>","protected":false},"excerpt":{"rendered":"<p>[vc_row full_width=&#8221;stretch_row&#8221; bg_type=&#8221;image&#8221; parallax_style=&#8221;vcpb-default&#8221; bg_image_new=&#8221;id^729|url^https:\/\/rudniciboksitajajce.com\/wp-content\/uploads\/2020\/09\/Izvozni-toranj-L-5a-Poljane-1970.jpg|caption^null|alt^null|title^Izvozni-toranj-L-5a-Poljane-1970|description^null&#8221; bg_image_repeat=&#8221;no-repeat&#8221; enable_overlay=&#8221;enable_overlay_value&#8221; overlay_color=&#8221;rgba(0,0,0,0.75)&#8221; el_class=&#8221;stranica-header&#8221;][vc_column width=&#8221;1\/6&#8243;][\/vc_column][vc_column width=&#8221;2\/3&#8243;][vc_column_text el_class=&#8221;naslov-header&#8221;] About us [\/vc_column_text][\/vc_column][vc_column width=&#8221;1\/6&#8243;][\/vc_column][\/vc_row][vc_row full_width=&#8221;stretch_row&#8221; bg_type=&#8221;image&#8221;&hellip; <a class=\"read-more-link\" href=\"https:\/\/rudniciboksitajajce.com\/en\/about-us\/\">Cijeli tekst<\/a><\/p>\n","protected":false},"author":1,"featured_media":0,"parent":0,"menu_order":0,"comment_status":"closed","ping_status":"closed","template":"page-FullWidth.php","meta":{"footnotes":""},"class_list":["post-916","page","type-page","status-publish","hentry"],"_links":{"self":[{"href":"https:\/\/rudniciboksitajajce.com\/en\/wp-json\/wp\/v2\/pages\/916","targetHints":{"allow":["GET"]}}],"collection":[{"href":"https:\/\/rudniciboksitajajce.com\/en\/wp-json\/wp\/v2\/pages"}],"about":[{"href":"https:\/\/rudniciboksitajajce.com\/en\/wp-json\/wp\/v2\/types\/page"}],"author":[{"embeddable":true,"href":"https:\/\/rudniciboksitajajce.com\/en\/wp-json\/wp\/v2\/users\/1"}],"replies":[{"embeddable":true,"href":"https:\/\/rudniciboksitajajce.com\/en\/wp-json\/wp\/v2\/comments?post=916"}],"version-history":[{"count":3,"href":"https:\/\/rudniciboksitajajce.com\/en\/wp-json\/wp\/v2\/pages\/916\/revisions"}],"predecessor-version":[{"id":947,"href":"https:\/\/rudniciboksitajajce.com\/en\/wp-json\/wp\/v2\/pages\/916\/revisions\/947"}],"wp:attachment":[{"href":"https:\/\/rudniciboksitajajce.com\/en\/wp-json\/wp\/v2\/media?parent=916"}],"curies":[{"name":"wp","href":"https:\/\/api.w.org\/{rel}","templated":true}]}}